{"id":2186,"date":"2024-04-15T18:06:28","date_gmt":"2024-04-15T18:06:28","guid":{"rendered":"https:\/\/nettfokus.no\/personvern-senter\/?page_id=2186"},"modified":"2024-04-15T18:08:54","modified_gmt":"2024-04-15T18:08:54","slug":"sikkerhet-i-skyen","status":"publish","type":"page","link":"https:\/\/nettfokus.no\/personvern-senter\/sikkerhet-i-skyen\/","title":{"rendered":"sikkerhet i skyen"},"content":{"rendered":"\t\t<div data-elementor-type=\"wp-page\" data-elementor-id=\"2186\" class=\"elementor elementor-2186\" data-elementor-settings=\"{&quot;ha_cmc_init_switcher&quot;:&quot;no&quot;}\" data-elementor-post-type=\"page\">\n\t\t\t\t<div class=\"elementor-element elementor-element-d0a047e e-flex e-con-boxed e-con e-parent\" data-id=\"d0a047e\" data-element_type=\"container\" data-e-type=\"container\" data-settings=\"{&quot;_ha_eqh_enable&quot;:false}\">\n\t\t\t\t\t<div class=\"e-con-inner\">\n\t\t\t\t<div class=\"elementor-element elementor-element-43f9384 elementor-widget elementor-widget-heading\" data-id=\"43f9384\" data-element_type=\"widget\" data-e-type=\"widget\" data-widget_type=\"heading.default\">\n\t\t\t\t<div class=\"elementor-widget-container\">\n\t\t\t\t\t<h2 class=\"elementor-heading-title elementor-size-default\">Sikkerhet i skyen<\/h2>\t\t\t\t<\/div>\n\t\t\t\t<\/div>\n\t\t\t\t\t<\/div>\n\t\t\t\t<\/div>\n\t\t<div class=\"elementor-element elementor-element-8522362 e-flex e-con-boxed e-con e-parent\" data-id=\"8522362\" data-element_type=\"container\" data-e-type=\"container\" data-settings=\"{&quot;_ha_eqh_enable&quot;:false}\">\n\t\t\t\t\t<div class=\"e-con-inner\">\n\t\t\t\t<div class=\"elementor-element elementor-element-72eaa0e elementor-widget elementor-widget-text-editor\" data-id=\"72eaa0e\" data-element_type=\"widget\" data-e-type=\"widget\" data-widget_type=\"text-editor.default\">\n\t\t\t\t<div class=\"elementor-widget-container\">\n\t\t\t\t\t\t\t\t\t<p><b>Infrastruktursikkerhet:<\/b><\/p><p><span style=\"font-weight: 400;\">Nettfokus og v\u00e5re underleverand\u00f8rer tar sikkerheten til din skytjeneste p\u00e5 alvor. Vi er forpliktet til \u00e5 beskytte dine data og sikre at din infrastruktur er sikker og p\u00e5litelig.<\/span><\/p><p><b>Nettskyvertstjenester:<\/b><\/p><p><span style=\"font-weight: 400;\">Vi har valgt \u00e5 outsource hosting av produktinfrastrukturen til anerkjente skyinfrastrukturtjenester som Google Cloud Platform Services (GCP) og Amazon Web Services (AWS). Dette gir oss tilgang til toppmoderne infrastruktur og sikkerhetsfunksjoner.<\/span><\/p><p><b>Sikkerhetsfordeler med GCP og AWS:<\/b><\/p><ul><li style=\"font-weight: 400;\" aria-level=\"1\"><b>Fysisk, milj\u00f8messig og infrastrukturell sikkerhet:<\/b><span style=\"font-weight: 400;\"> B\u00e5de GCP og AWS tilbyr robuste sikkerhetskontroller for \u00e5 beskytte dine data mot fysiske trusler, milj\u00f8messige farer og infrastrukturelle feil.<\/span><\/li><li style=\"font-weight: 400;\" aria-level=\"1\"><b>H\u00f8y oppetid:<\/b><span style=\"font-weight: 400;\"> GCP garanterer en m\u00e5nedlig oppetidsprosent p\u00e5 minimum 99,5%, mens AWS tilbyr en tjenestep\u00e5litelighet p\u00e5 mellom 99,95% og 100%. Dette sikrer at din nettside eller applikasjon er tilgjengelig for brukerne dine n\u00e5r de trenger det.<\/span><\/li><li style=\"font-weight: 400;\" aria-level=\"1\"><b>Redundans:<\/b><span style=\"font-weight: 400;\"> B\u00e5de GCP og AWS har redundante systemer p\u00e5 plass for \u00e5 sikre at din infrastruktur er tilgjengelig selv i tilfelle av str\u00f8mbrudd, nettverksfeil eller andre hendelser.<\/span><\/li><li style=\"font-weight: 400;\" aria-level=\"1\"><b>Forretningskontinuitet og katastrofegjenoppretting:<\/b><span style=\"font-weight: 400;\"> B\u00e5de GCP og AWS har omfattende planer for forretningskontinuitet og katastrofegjenoppretting for \u00e5 sikre at din infrastruktur kan gjenopprettes raskt i tilfelle en katastrofe.<\/span><\/li><li style=\"font-weight: 400;\" aria-level=\"1\"><b>Samsvar:<\/b><span style=\"font-weight: 400;\"> B\u00e5de GCP og AWS er sertifisert i henhold til en rekke bransjestandarder, for eksempel SOC 2 Type 2 og ISO 27001. Dette sikrer at din infrastruktur er i samsvar med de strengeste sikkerhetskravene.<\/span><\/li><\/ul><p><b>Vi er stolte av \u00e5 tilby v\u00e5re kunder en sikker og p\u00e5litelig skytjeneste.<\/b><span style=\"font-weight: 400;\"> For mer informasjon om sikkerhetsfunksjonene til GCP og AWS, kan du bes\u00f8ke f\u00f8lgende nettsteder:<\/span><\/p><ul><li style=\"font-weight: 400;\" aria-level=\"1\"><b>Google Cloud Compliance Resource Center:<\/b> <a href=\"https:\/\/cloud.google.com\/compliance\" target=\"_blank\" rel=\"noopener\"><span style=\"font-weight: 400;\">https:\/\/cloud.google.com\/compliance<\/span><\/a><\/li><li style=\"font-weight: 400;\" aria-level=\"1\"><b>AWS Cloud Compliance:<\/b> <a href=\"https:\/\/aws.amazon.com\/compliance\/\" target=\"_blank\" rel=\"noopener\"><span style=\"font-weight: 400;\">https:\/\/aws.amazon.com\/compliance\/<\/span><\/a><\/li><li style=\"font-weight: 400;\" aria-level=\"1\"><b>AWS Artifacts Portal:<\/b> <a href=\"https:\/\/aws.amazon.com\/artifact\/\" target=\"_blank\" rel=\"noopener\"><span style=\"font-weight: 400;\">https:\/\/aws.amazon.com\/artifact\/<\/span><\/a><\/li><\/ul>\t\t\t\t\t\t\t\t<\/div>\n\t\t\t\t<\/div>\n\t\t\t\t\t<\/div>\n\t\t\t\t<\/div>\n\t\t\t\t<\/div>\n\t\t","protected":false},"excerpt":{"rendered":"<p>Sikkerhet i skyen Infrastruktursikkerhet: Nettfokus og v\u00e5re underleverand\u00f8rer tar sikkerheten til din skytjeneste p\u00e5 alvor. Vi er forpliktet til \u00e5 beskytte dine data og sikre at din infrastruktur er sikker og p\u00e5litelig. Nettskyvertstjenester: Vi har valgt \u00e5 outsource hosting av produktinfrastrukturen til anerkjente skyinfrastrukturtjenester som Google Cloud Platform Services (GCP) og Amazon Web Services (AWS). [&hellip;]<\/p>\n","protected":false},"author":1,"featured_media":0,"parent":0,"menu_order":0,"comment_status":"closed","ping_status":"closed","template":"","meta":{"_vp_format_video_url":"","_vp_image_focal_point":[],"footnotes":""},"class_list":["post-2186","page","type-page","status-publish","hentry"],"_links":{"self":[{"href":"https:\/\/nettfokus.no\/personvern-senter\/wp-json\/wp\/v2\/pages\/2186","targetHints":{"allow":["GET"]}}],"collection":[{"href":"https:\/\/nettfokus.no\/personvern-senter\/wp-json\/wp\/v2\/pages"}],"about":[{"href":"https:\/\/nettfokus.no\/personvern-senter\/wp-json\/wp\/v2\/types\/page"}],"author":[{"embeddable":true,"href":"https:\/\/nettfokus.no\/personvern-senter\/wp-json\/wp\/v2\/users\/1"}],"replies":[{"embeddable":true,"href":"https:\/\/nettfokus.no\/personvern-senter\/wp-json\/wp\/v2\/comments?post=2186"}],"version-history":[{"count":0,"href":"https:\/\/nettfokus.no\/personvern-senter\/wp-json\/wp\/v2\/pages\/2186\/revisions"}],"wp:attachment":[{"href":"https:\/\/nettfokus.no\/personvern-senter\/wp-json\/wp\/v2\/media?parent=2186"}],"curies":[{"name":"wp","href":"https:\/\/api.w.org\/{rel}","templated":true}]}}